{"id":3131,"date":"2021-11-04T16:42:50","date_gmt":"2021-11-04T14:42:50","guid":{"rendered":"http:\/\/origluten.testcreativeagency.com\/?page_id=3131"},"modified":"2021-11-04T16:42:50","modified_gmt":"2021-11-04T14:42:50","slug":"termini-e-condizioni","status":"publish","type":"page","link":"https:\/\/testcreativeagency.eu\/?page_id=3131","title":{"rendered":"Termini e Condizioni"},"content":{"rendered":"<div class=\"wpb-content-wrapper\"><p>[vc_row content_layout=&#8221;boxed&#8221; equal_height=&#8221;&#8221; animation_delay=&#8221;&#8221; disable=&#8221;&#8221; id=&#8221;&#8221; class=&#8221;&#8221; bg_type=&#8221;image&#8221; bg_image=&#8221;&#8221; color_overlay=&#8221;&#8221; enable_parallax=&#8221;&#8221; enable_pattern=&#8221;&#8221;][vc_column layout=&#8221;normal&#8221; vertical_align=&#8221;auto&#8221; animation_delay=&#8221;&#8221;][vc_column_text]<\/p>\n<h1 class=\"heading-26\">Termini e Condizioni di Ori di Sicilia<\/h1>\n<div class=\"w-richtext\">\n<p>Gli Utenti che utilizzano i servizi offerti da Ori di Sicilia dichiarano di conoscere ed accettare le presenti condizioni generali di contratto.<\/p>\n<p>\u200d<\/p>\n<p>Titolare di Ori di Sicilia e dei relativi Servizi<\/p>\n<p>\u200d<\/p>\n<p>Ori di Sicilia Srl<\/p>\n<p>Contrada piano casazze, snc<\/p>\n<p>93013 Mazzarino (CL)<\/p>\n<p>info@oridisiciliabongiovanni.com<\/p>\n<p>\u200d<\/p>\n<p>Informazioni su Ori di Sicilia<\/p>\n<p>Ori di Sicilia \u00e8 un sito e-commerce di cui \u00e8 titolare la societ\u00e0 Ori di Sicilia S.r.l<\/p>\n<p>\u200d<\/p>\n<p><strong>Contenuti forniti dall\u2019Utente<\/strong><\/p>\n<p>Gli Utenti sono responsabili per i contenuti propri e di terzi che condividono su Ori di Sicilia , mediante il loro caricamento, l\u2019inserimento di contenuti o con qualsiasi altra modalit\u00e0.<\/p>\n<p>Gli Utenti manlevano il Titolare da ogni responsabilit\u00e0 in relazione alla diffusione illecita di contenuti di terzi o all\u2019utilizzo di Ori di Sicilia, con modalit\u00e0 contrarie alla legge.<\/p>\n<p>Il Titolare non svolge alcun tipo di moderazione dei contenuti pubblicati dall\u2019Utente o da terzi, ma si impegna ad intervenire a fronte di segnalazioni degli Utenti o di ordini impartiti da pubbliche autorit\u00e0 in relazione a contenuti ritenuti offensivi o illeciti.<\/p>\n<p>\u200d<\/p>\n<p><strong>Diritti sui contenuti forniti dagli Utenti<\/strong><\/p>\n<p>Gli unici diritti concessi al Titolare in relazione ai contenuti forniti dagli Utenti sono quelli necessari al funzionamento e al mantenimento di \u00a0Ori di Sicilia<\/p>\n<p>\u200d<\/p>\n<p><strong>Contenuti forniti da terzi<\/strong><\/p>\n<p>Il Titolare non effettua alcuna moderazione preventiva sui contenuti o i link forniti da terzi mostrati su Ori di Sicilia.<\/p>\n<p>Il Titolare non \u00e8 responsabile di tali contenuti e della loro accessibilit\u00e0.<\/p>\n<p>\u200d<\/p>\n<p><strong>Registrazione<\/strong><\/p>\n<p>Per poter utilizzare il servizio o parte di esso, \u00e8 richiesta la registrazione da parte dell\u2019Utente fornendo, in maniera veritiera e completa, tutti i dati richiesti nel relativo forma di registrazione ed accettare integralmente la Privacy Policy e le presenti condizioni generali.<\/p>\n<p>L\u2019Utente ha l\u2019onore di custodire le proprie credenziali di accesso.<\/p>\n<p>\u200d<\/p>\n<p><strong>Acquisto<\/strong><\/p>\n<p><strong>Procedura di acquisto<\/strong><\/p>\n<p>Ciascun ordine inviato effettuato dall\u2019Utente costituisce un\u2019offerta per l\u2019acquisto dei prodotti.<\/p>\n<p>Gli ordini sono soggetti alla disponibilit\u00e0 ed alla discrezionale accettazione del Titolare.<\/p>\n<p>Per completare la procedura d\u2019acquisto online, l\u2019Utente deve selezionare i prodotti e completare il check -out, dopo aver verificato attentamente le informazioni contenute nel riepilogo d\u2019ordine. L\u2019ordine \u00e8 effettuato mediante la conferma dello stesso ed \u00e8 subordinato al pagamento del prezzo,<\/p>\n<p>delle imposte e delle spese di spedizione e di pagamento indicate nel modulo di Riepilogo dell\u2019Ordine.<\/p>\n<p>\u200d<\/p>\n<p>La conclusione del contratto avviene al momento dell\u2019invio della Conferma d\u2019Ordine da parte del Titolare all\u2019indirizzo email fornito dall\u2019Utente.<\/p>\n<p>Gli Utenti sono tenuti a registrarsi su Ori di Sicilia fornendo i propri dati personali e l\u2019indirizzo di spedizione.<\/p>\n<p>I costi di spedizione non sono inclusi e differiscono in ragione della quantit\u00e0 \/destinazione.<\/p>\n<p>I prezzi sono indicati in Euro e sono comprensivi di IVA.<\/p>\n<p>Ori di Sicilia pu\u00f2 prevedere offerte differenti nel corso dell\u2019anno.<\/p>\n<p>\u200d<\/p>\n<p><strong>Modalit\u00e0 di pagamento<\/strong><\/p>\n<p>Le modalit\u00e0 di pagamento a disposizione degli Utenti sono descritte nelle relative pagine del sito.<\/p>\n<p>\u200d<\/p>\n<p><strong>Disponibilit\u00e0 dei prodotti<\/strong><\/p>\n<p>I prezzi, le descrizioni e la disponibilit\u00e0 dei prodotti esposti sono soggetti a modifica senza preavviso.<\/p>\n<p>Le foto inserite sono adattate in relazione allo strumento di visualizzazione e per tale ragione sono meramente indicative dell\u2019aspetto e delle dimensioni dei prodotti.<\/p>\n<p>Anche successivamente all\u2019invio dell\u2019email di Conferma dell\u2019Ordine, nel caso di sopravvenuta indisponibilit\u00e0 di alcuni prodotti dovuta al mancato rifornimento da parte dei produttori e\/o fornitori del Titolare ovvero ad altre cause non prevedibili al momento della conclusione dell\u2019ordine, il<\/p>\n<p>Titolare provveder\u00e0 a rimborsare l\u2019Utente del prezzo dei prodotti ordinati e non disponibili.<\/p>\n<p>\u200d<\/p>\n<p><strong>Esecuzione dell\u2019Ordine<\/strong><\/p>\n<p>L\u2019ordine viene eseguito nei termini precisati nella pagina di riepilogo e nella email di Conferma d\u2019ordine, con riserva della disponibilit\u00e0 del prodotto ordinato.<\/p>\n<p>Il Titolare non potr\u00e0 ritenersi responsabile per danni subiti dall\u2019Utente a causa di ritardi nella consegna che non siano dipendenti da circostanze prevedibili dalle parti al momento dell\u2019invio della Conferma d\u2019Ordine.<\/p>\n<p>\u200d<\/p>\n<p><strong>Consegna<\/strong><\/p>\n<p>Le consegne vengono effettuate durante i consueti orari lavorativi dei corrieri incaricati, all\u2019indirizzo indicato dall\u2019Utente e secondo le modalit\u00e0 specificate nel riepilogo dell\u2019ordine. Al momento della consegna della merce da parte del corriere, l\u2019Utente \u00e8 tenuto a controllare che l\u2019imballo dei colli risulti integro in ogni sua parte, non danneggiato, n\u00e9 compromesso da eventi atmosferici o comunque alterato. Alla consegna, l\u2019Utente \u00e8 altres\u00ec tenuto a verificare l\u2019imballo specificando nel modulo di consegna eventuali anomalie. Qualora l\u2019Utente riscontri eventuali danni evidenti all\u2019imballo e\/o ai prodotti in esso contenuti o la mancata corrispondenza del numero dei colli, deve immediatamente contestarli, apponendo riserva di controllo scritta (specificando il motivo della riserva, es. \u201cimballo bucato\u201d, \u201cimballo schiacciato\u201d, ecc.) sulla prova di consegna del corriere o informare prontamente il Titolare. Una volta firmata la bolla di consegna, il Cliente non potr\u00e0 opporre alcuna contestazione circa le caratteristiche esteriori di quanto consegnato. Eventuali problemi inerenti l\u2019integrit\u00e0 fisica, la corrispondenza o la completezza dei prodotti ricevuti devono essere segnalati utilizzando le modalit\u00e0 di contatto fornite dal Titolare.<\/p>\n<p>\u200d<\/p>\n<p>In caso di assenza del Cliente al recapito indicato dall\u2019Utente all\u2019atto dell\u2019ordine, il Corriere effettuer\u00e0 un altro tentativo di consegna allo stesso recapito; in caso di impossibilit\u00e0 di consegna anche al secondo tentativo, i prodotti verranno restituiti al Titolare, che, a seconda della volont\u00e0 dell\u2019Utente, proceder\u00e0 al rimborso del prezzo dei prodotti (ma non al costo di spedizione), oppure prender\u00e0 accordi per la nuova evasione ed i relativi costi di spedizione aggiuntivi.<\/p>\n<p>Il Titolare non pu\u00f2 essere ritenuto responsabile per errori nella consegna dovuti a inesattezze o incompletezze nella compilazione dell\u2019ordine d\u2019acquisto da parte dell\u2019Utente, per danni eventualmente occorsi ai prodotti successivamente alla consegna al vettore o per ritardi nella consegna ad esso imputabili.<\/p>\n<p>\u200d<\/p>\n<p><strong>Diritto di recesso<\/strong><\/p>\n<p>In caso di acquisto di prodotti su Ori di Sicilia, l\u2019Utente ha il diritto di recedere senza indicarne le ragioni entro 14 giorni. Il periodo di recesso scade dopo 14 giorni dal giorno in cui l\u2019Utente o un terzo<\/p>\n<p>\u2013 diverso dal vettore e designato dall\u2019Utente &#8211; acquisisce il possesso fisico dei prodotti.<\/p>\n<p>Per esercitare il diritto di recesso, l\u2019Utente \u00e8 tenuto a informare il Titolare della decisione di recedere scrivendo a glutenfree@oridisiciliabongiovanni.com<\/p>\n<p>L\u2019Utente \u00e8 tenuto a rispedire i prodotti al Titolare entro 7 giorni dal giorno in cui ha comunicato il recesso dal presente contratto.<\/p>\n<p>I costi della restituzione dei beni saranno a carico dell\u2019Utente.<\/p>\n<p>Il titolare si riserva di verificare l\u2019integrit\u00e0 dei prodotti restituiti e di procedere al rimborso solo successivamente alla verifica con esito positivo.<\/p>\n<p>Il titolare rimborser\u00e0 l\u2019importo dei prodotti resi esclusi i costi di consegna.<\/p>\n<p>Detti rimborsi saranno effettuati utilizzando lo stesso mezzo di pagamento usato dall\u2019Utente per l\u2019acquisto. Ove non possibile l\u2019Utente potr\u00e0 concordare una diversa modalit\u00e0 di rimborso.<\/p>\n<p>In ogni caso l\u2019Utente non dovr\u00e0 sostenere alcun costo come conseguenza di tale rimborso.<\/p>\n<p>\u200d<\/p>\n<p><strong>Limitazioni al diritto di recesso sui prodotti<\/strong><\/p>\n<p>Non vengono sostituiti o rimborsati\u00a0<strong>prodotti danneggiati o usati<\/strong>, anche solo in parte.<\/p>\n<p>\u200d<\/p>\n<p>Il diritto di recesso non si applica: ai beni confezionati su misura o chiaramente personalizzati o che, per loro natura, rischiano di deteriorarsi rapidamente (come ad esempio prodotti alimentari freschi), siano sigillati e non si prestino ad essere restituiti per motivi igienici ovvero siano connessi alla protezione della salute e siano stati aperti dopo la consegna.<\/p>\n<p>In particolare, a norma dell\u2019art. 47, comma 1, lett l) del Codice del Consumo, il diritto di recesso non si applica ai contratti di fornitura di generi alimentari, di bevande o di altri beni per uso domestico di consumo corrente forniti al domicilio dell\u2019Utente, al suo luogo di residenza o al suo luogo di lavoro, da distributori abituali.<\/p>\n<p>\u200d<\/p>\n<p><strong>Recesso e chiusura degli Account utente<\/strong><\/p>\n<p>Gli Utenti registrati possono disattivare i propri Account, richiederne la cancellazione oppure interrompere l\u2019utilizzo del Servizio in ogni momento, contattando direttamente il Titolare.<\/p>\n<p>Il Titolare, in caso di violazione dei presenti Termini, si riserva il diritto di sospendere o chiudere l\u2019Account dell\u2019Utente in ogni momento e senza preavviso. Il Titolare si riserva il diritto insindacabile di inibire in qualsiasi momento e senza preavviso l\u2019accesso a Ori di Sicilia, per esteso o limitatamente ad alcune funzionalit\u00e0, degli Account degli Utenti per i quali si siano rilevate irregolarit\u00e0 di pagamento, mancato pagamento, danni di immagine a mezzo internet, linguaggio osceno, volgare o inappropriato per le funzioni di commento e recensione, ripetuti e continui tentativi d\u2019ordine non conclusi, attacchi informatici o qualsiasi altra attivit\u00e0, esplicita o implicita, che possa recare danno diretto o indiretto al Titolare.<\/p>\n<p><strong>Interruzione del servizio<\/strong><\/p>\n<p>Il Titolare si riserva il diritto di aggiungere, rimuovere funzionalit\u00e0 o caratteristiche ovvero sospendere o interrompere del tutto la fornitura del Servizio, sia in via temporanea che definitiva. In caso di interruzione definitiva, il Titolare agir\u00e0 come possibile per permettere agli Utenti di prelevare le proprie informazioni ospitate presso il Titolare.<\/p>\n<p>\u200d<\/p>\n<p><strong>Rivendita del Servizio<\/strong><\/p>\n<p>Gli Utenti non sono autorizzati a riprodurre, duplicare, copiare, vendere, rivendere o sfruttare qualunque porzione di Ori di Sicilia e dei suoi Servizi senza il permesso espresso da parte del Titolare, garantito direttamente o tramite uno specifico programma di rivendita.<\/p>\n<p>\u200d<\/p>\n<p><strong>Manleva<\/strong><\/p>\n<p>L\u2019Utente si impegna a mantenere indenne il Titolare (nonch\u00e9 le eventuali societ\u00e0 dallo stesso controllate o affiliate, i suoi rappresentanti, amministratori, agenti, licenziatari, partner e dipendenti), da qualsiasi obbligo o responsabilit\u00e0, incluse le eventuali spese legali sostenute per difendersi in giudizio, che dovessero sorgere a fronte di danni provocati ad altri Utenti o a terzi, in relazione ai contenuti caricati online, alla violazione dei termini di legge o dei termini delle presenti condizioni di servizio.<\/p>\n<p><strong>Gli Utenti non possono<\/strong><\/p>\n<p>utilizzare qualunque robot, spider, applicazione di ricerca\/reperimento di siti, o qualunque altro dispositivo, processo o mezzo automatico per accedere, recuperare, indicizzare qualunque porzione di Ori di Sicilia o dei suoi contenuti;<\/p>\n<p>diffamare, offendere, molestare, mettere in atto pratiche minatorie, minacciare o in altro modo violare i diritti (quali il diritto alla privacy e alla pubblicit\u00e0) di altri;<\/p>\n<p>diffondere o pubblicare contenuti illegali, osceni, illegittimi, diffamatori o inappropriati;<\/p>\n<p>utilizzare Ori di Sicilia in qualunque altra modalit\u00e0 impropria tale da violare questi Termini.<\/p>\n<\/div>\n<p>[\/vc_column_text][vu_button text=&#8221;torna alla home&#8221; link=&#8221;&#8221; style=&#8221;default&#8221; size=&#8221;md&#8221; color=&#8221;primary&#8221; show_icon=&#8221;1&#8243; icon_library=&#8221;milingona&#8221; icon_milingona=&#8221;vu_fm-arrow_forward&#8221; icon_position=&#8221;before&#8221; class=&#8221;&#8221;][\/vc_column][\/vc_row]<\/p>\n<\/div>","protected":false},"excerpt":{"rendered":"<p>[vc_row content_layout=&#8221;boxed&#8221; equal_height=&#8221;&#8221; animation_delay=&#8221;&#8221; disable=&#8221;&#8221; id=&#8221;&#8221; class=&#8221;&#8221; bg_type=&#8221;image&#8221; bg_image=&#8221;&#8221; color_overlay=&#8221;&#8221; enable_parallax=&#8221;&#8221; enable_pattern=&#8221;&#8221;][vc_column layout=&#8221;normal&#8221; vertical_align=&#8221;auto&#8221; animation_delay=&#8221;&#8221;][vc_column_text] Termini e Condizioni di Ori di Sicilia Gli Utenti che utilizzano i servizi offerti da Ori di Sicilia dichiarano di conoscere ed accettare le presenti condizioni generali di contratto. \u200d Titolare di Ori di Sicilia e dei relativi Servizi \u200d &hellip; <a href=\"https:\/\/testcreativeagency.eu\/?page_id=3131\" class=\"more-link\">Continue reading <span class=\"screen-reader-text\">Termini e Condizioni<\/span><\/a><\/p>\n","protected":false},"author":1,"featured_media":0,"parent":0,"menu_order":0,"comment_status":"closed","ping_status":"closed","template":"","meta":{"footnotes":""},"class_list":["post-3131","page","type-page","status-publish","hentry"],"_links":{"self":[{"href":"https:\/\/testcreativeagency.eu\/index.php?rest_route=\/wp\/v2\/pages\/3131","targetHints":{"allow":["GET"]}}],"collection":[{"href":"https:\/\/testcreativeagency.eu\/index.php?rest_route=\/wp\/v2\/pages"}],"about":[{"href":"https:\/\/testcreativeagency.eu\/index.php?rest_route=\/wp\/v2\/types\/page"}],"author":[{"embeddable":true,"href":"https:\/\/testcreativeagency.eu\/index.php?rest_route=\/wp\/v2\/users\/1"}],"replies":[{"embeddable":true,"href":"https:\/\/testcreativeagency.eu\/index.php?rest_route=%2Fwp%2Fv2%2Fcomments&post=3131"}],"version-history":[{"count":0,"href":"https:\/\/testcreativeagency.eu\/index.php?rest_route=\/wp\/v2\/pages\/3131\/revisions"}],"wp:attachment":[{"href":"https:\/\/testcreativeagency.eu\/index.php?rest_route=%2Fwp%2Fv2%2Fmedia&parent=3131"}],"curies":[{"name":"wp","href":"https:\/\/api.w.org\/{rel}","templated":true}]}}