{"id":12374,"date":"2026-04-16T09:23:31","date_gmt":"2026-04-16T07:23:31","guid":{"rendered":"https:\/\/testcreativeagency.eu\/?post_type=product&#038;p=12374"},"modified":"2026-04-16T09:23:33","modified_gmt":"2026-04-16T07:23:33","slug":"sorbitolo-e420-25-kg","status":"publish","type":"product","link":"https:\/\/testcreativeagency.eu\/?product=sorbitolo-e420-25-kg","title":{"rendered":"SORBITOLO (E420)  25 KG"},"content":{"rendered":"","protected":false},"excerpt":{"rendered":"<p><strong>INGREDIENTI:<\/strong> polvere di Sorbitolo E420 per uso alimentare. Origine del Sorbitolo (non UE).<\/p>\n<p><strong>ALLERGENI:<\/strong> pu\u00f2 contenere soia, senape, sesamo e frutta a guscio mandorle. Conservare in luogo fresco e asciutto lontano da fonti di calore.<\/p>\n<p><strong>UTILIZZO:<\/strong> il suo potere edulcorante \u00e8 infatti pari al 60% di quello dello zucchero, ma a parit\u00e0 di peso fornisce un 40% di calorie in meno . Il sapore \u00e8 fresco e piacevole, ma cosa ancor pi\u00f9 importante \u00e8 la capacit\u00e0 del sorbitolo di donare consistenza al prodotto, trattenendo l\u2019umidit\u00e0 e migliorandone la conservazione (inibisce lo sviluppo di lieviti, muffe ed altri microrganismi).<\/p>\n<p><strong>VALORI NUTRIZIONALI MEDI PER 100 GR:<\/strong><\/p>\n<table>\n<tbody>\n<tr>\n<td>Energia<\/td>\n<td>240Kj\/1000Kcal<\/td>\n<\/tr>\n<tr>\n<td>Grassi<\/td>\n<td>0 g<\/td>\n<\/tr>\n<tr>\n<td>di cui acidi grassi saturi<\/td>\n<td>0 g<\/td>\n<\/tr>\n<tr>\n<td>Carboidrati<\/td>\n<td>100 g<\/td>\n<\/tr>\n<tr>\n<td>di cui zuccheri<\/td>\n<td>0 g<\/td>\n<\/tr>\n<tr>\n<td>Proteine<\/td>\n<td>0 g<\/td>\n<\/tr>\n<tr>\n<td>Sale<\/td>\n<td>0 g<\/td>\n<\/tr>\n<\/tbody>\n<\/table>\n","protected":false},"featured_media":4075,"comment_status":"closed","ping_status":"closed","template":"","meta":[],"product_brand":[],"product_cat":[131,117],"product_tag":[],"class_list":{"0":"post-12374","1":"product","2":"type-product","3":"status-publish","4":"has-post-thumbnail","6":"product_cat-dolcificanti-uso-professionale","7":"product_cat-uso-professionale","8":"product_shipping_class-b2b","10":"first","11":"instock","12":"shipping-taxable","13":"purchasable","14":"product-type-simple"},"_links":{"self":[{"href":"https:\/\/testcreativeagency.eu\/index.php?rest_route=\/wp\/v2\/product\/12374","targetHints":{"allow":["GET"]}}],"collection":[{"href":"https:\/\/testcreativeagency.eu\/index.php?rest_route=\/wp\/v2\/product"}],"about":[{"href":"https:\/\/testcreativeagency.eu\/index.php?rest_route=\/wp\/v2\/types\/product"}],"replies":[{"embeddable":true,"href":"https:\/\/testcreativeagency.eu\/index.php?rest_route=%2Fwp%2Fv2%2Fcomments&post=12374"}],"wp:featuredmedia":[{"embeddable":true,"href":"https:\/\/testcreativeagency.eu\/index.php?rest_route=\/wp\/v2\/media\/4075"}],"wp:attachment":[{"href":"https:\/\/testcreativeagency.eu\/index.php?rest_route=%2Fwp%2Fv2%2Fmedia&parent=12374"}],"wp:term":[{"taxonomy":"product_brand","embeddable":true,"href":"https:\/\/testcreativeagency.eu\/index.php?rest_route=%2Fwp%2Fv2%2Fproduct_brand&post=12374"},{"taxonomy":"product_cat","embeddable":true,"href":"https:\/\/testcreativeagency.eu\/index.php?rest_route=%2Fwp%2Fv2%2Fproduct_cat&post=12374"},{"taxonomy":"product_tag","embeddable":true,"href":"https:\/\/testcreativeagency.eu\/index.php?rest_route=%2Fwp%2Fv2%2Fproduct_tag&post=12374"}],"curies":[{"name":"wp","href":"https:\/\/api.w.org\/{rel}","templated":true}]}}